{"id":62,"date":"2021-08-13T15:16:41","date_gmt":"2021-08-13T15:16:41","guid":{"rendered":"https:\/\/seksuaalineuvojatampere.fi\/?page_id=62"},"modified":"2021-08-13T15:16:41","modified_gmt":"2021-08-13T15:16:41","slug":"opas-seksuaalisiin-marginaaleihin","status":"publish","type":"page","link":"https:\/\/seksuaalineuvojatampere.fi\/?page_id=62","title":{"rendered":"Opas seksuaalisiin marginaaleihin"},"content":{"rendered":"\n<p>Olen kirjoittanut t\u00e4m\u00e4n oppaan loppuvuodesta 2020 seksuaalineuvojan opintojeni p\u00e4\u00e4tt\u00f6ty\u00f6n\u00e4. Pyrkimyksen\u00e4ni oli tuottaa selke\u00e4, k\u00e4yt\u00e4nn\u00f6nl\u00e4heinen ja tiivis informaatiopaketti erilaisista marginaaliryhmist\u00e4 kaikille ihmisten kanssa ty\u00f6skenteleville. Ensisijaisena kohderyhm\u00e4n\u00e4 ovat sosiaali- ja terveysalan ammattilaiset, mutta oppaan tietoja voi soveltaa miss\u00e4 tahansa ihmisten kanssa teht\u00e4v\u00e4ss\u00e4 ty\u00f6ss\u00e4.<\/p>\n\n\n\n<figure class=\"wp-block-image size-full\"><img loading=\"lazy\" decoding=\"async\" width=\"827\" height=\"465\" src=\"https:\/\/seksuaalineuvojatampere.fi\/wp-content\/uploads\/2021\/08\/opas_preview.png\" alt=\"\" class=\"wp-image-63\" srcset=\"https:\/\/seksuaalineuvojatampere.fi\/wp-content\/uploads\/2021\/08\/opas_preview.png 827w, https:\/\/seksuaalineuvojatampere.fi\/wp-content\/uploads\/2021\/08\/opas_preview-300x169.png 300w, https:\/\/seksuaalineuvojatampere.fi\/wp-content\/uploads\/2021\/08\/opas_preview-768x432.png 768w\" sizes=\"auto, (max-width: 827px) 100vw, 827px\" \/><\/figure>\n\n\n\n<div class=\"wp-block-file\"><a href=\"https:\/\/seksuaalineuvojatampere.fi\/wp-content\/uploads\/2021\/08\/Sote-ammattilaisen-opas-seksuaalisten-marginaalien-kohtaamiseen-v.18.02.2021.pdf\">Sote-ammattilaisen opas seksuaalisten marginaalien kohtaamiseen (PDF, 252 kB)<\/a><a href=\"https:\/\/seksuaalineuvojatampere.fi\/wp-content\/uploads\/2021\/08\/Sote-ammattilaisen-opas-seksuaalisten-marginaalien-kohtaamiseen-v.18.02.2021.pdf\" class=\"wp-block-file__button\" download>Download<\/a><\/div>\n\n\n\n<figure class=\"wp-block-image size-large\"><img decoding=\"async\" src=\"https:\/\/i.creativecommons.org\/l\/by-nc-sa\/4.0\/88x31.png\" alt=\"Creative Commons Attribution-NonCommercial-ShareAlike 4.0 International License\"\/><\/figure>\n","protected":false},"excerpt":{"rendered":"<p>Olen kirjoittanut t\u00e4m\u00e4n oppaan loppuvuodesta 2020 seksuaalineuvojan opintojeni p\u00e4\u00e4tt\u00f6ty\u00f6n\u00e4. Pyrkimyksen\u00e4ni oli tuottaa selke\u00e4, k\u00e4yt\u00e4nn\u00f6nl\u00e4heinen ja tiivis informaatiopaketti erilaisista marginaaliryhmist\u00e4 kaikille ihmisten kanssa ty\u00f6skenteleville. Ensisijaisena kohderyhm\u00e4n\u00e4 ovat sosiaali- ja terveysalan ammattilaiset, mutta oppaan tietoja voi soveltaa miss\u00e4 tahansa ihmisten kanssa teht\u00e4v\u00e4ss\u00e4 ty\u00f6ss\u00e4.<\/p>\n","protected":false},"author":1,"featured_media":0,"parent":0,"menu_order":0,"comment_status":"closed","ping_status":"closed","template":"","meta":{"footnotes":""},"class_list":["post-62","page","type-page","status-publish","hentry"],"_links":{"self":[{"href":"https:\/\/seksuaalineuvojatampere.fi\/index.php?rest_route=\/wp\/v2\/pages\/62","targetHints":{"allow":["GET"]}}],"collection":[{"href":"https:\/\/seksuaalineuvojatampere.fi\/index.php?rest_route=\/wp\/v2\/pages"}],"about":[{"href":"https:\/\/seksuaalineuvojatampere.fi\/index.php?rest_route=\/wp\/v2\/types\/page"}],"author":[{"embeddable":true,"href":"https:\/\/seksuaalineuvojatampere.fi\/index.php?rest_route=\/wp\/v2\/users\/1"}],"replies":[{"embeddable":true,"href":"https:\/\/seksuaalineuvojatampere.fi\/index.php?rest_route=%2Fwp%2Fv2%2Fcomments&post=62"}],"version-history":[{"count":1,"href":"https:\/\/seksuaalineuvojatampere.fi\/index.php?rest_route=\/wp\/v2\/pages\/62\/revisions"}],"predecessor-version":[{"id":68,"href":"https:\/\/seksuaalineuvojatampere.fi\/index.php?rest_route=\/wp\/v2\/pages\/62\/revisions\/68"}],"wp:attachment":[{"href":"https:\/\/seksuaalineuvojatampere.fi\/index.php?rest_route=%2Fwp%2Fv2%2Fmedia&parent=62"}],"curies":[{"name":"wp","href":"https:\/\/api.w.org\/{rel}","templated":true}]}}